{"id":2199,"date":"2025-07-14T15:18:14","date_gmt":"2025-07-14T13:18:14","guid":{"rendered":"https:\/\/www.peiconnect.cz\/?page_id=2199"},"modified":"2025-10-17T12:18:23","modified_gmt":"2025-10-17T10:18:23","slug":"akcni-nabidka","status":"publish","type":"page","link":"https:\/\/www.peiconnect.cz\/en\/akcni-nabidka\/","title":{"rendered":"Ak\u010dn\u00ed nab\u00eddka"},"content":{"rendered":"","protected":false},"excerpt":{"rendered":"","protected":false},"author":1,"featured_media":0,"parent":0,"menu_order":0,"comment_status":"closed","ping_status":"closed","template":"","meta":{"rank_math_lock_modified_date":false,"_jet_sm_ready_style":"","_jet_sm_style":"","_jet_sm_controls_values":"","_jet_sm_fonts_collection":"","_jet_sm_fonts_links":"","footnotes":""},"folder":[],"class_list":["post-2199","page","type-page","status-publish","hentry"],"_links":{"self":[{"href":"https:\/\/www.peiconnect.cz\/en\/wp-json\/wp\/v2\/pages\/2199","targetHints":{"allow":["GET"]}}],"collection":[{"href":"https:\/\/www.peiconnect.cz\/en\/wp-json\/wp\/v2\/pages"}],"about":[{"href":"https:\/\/www.peiconnect.cz\/en\/wp-json\/wp\/v2\/types\/page"}],"author":[{"embeddable":true,"href":"https:\/\/www.peiconnect.cz\/en\/wp-json\/wp\/v2\/users\/1"}],"replies":[{"embeddable":true,"href":"https:\/\/www.peiconnect.cz\/en\/wp-json\/wp\/v2\/comments?post=2199"}],"version-history":[{"count":32,"href":"https:\/\/www.peiconnect.cz\/en\/wp-json\/wp\/v2\/pages\/2199\/revisions"}],"predecessor-version":[{"id":2359,"href":"https:\/\/www.peiconnect.cz\/en\/wp-json\/wp\/v2\/pages\/2199\/revisions\/2359"}],"wp:attachment":[{"href":"https:\/\/www.peiconnect.cz\/en\/wp-json\/wp\/v2\/media?parent=2199"}],"wp:term":[{"taxonomy":"folder","embeddable":true,"href":"https:\/\/www.peiconnect.cz\/en\/wp-json\/wp\/v2\/folder?post=2199"}],"curies":[{"name":"wp","href":"https:\/\/api.w.org\/{rel}","templated":true}]}}